{"id":2090,"date":"2024-07-03T10:22:55","date_gmt":"2024-07-03T10:22:55","guid":{"rendered":"https:\/\/www.barongroup.fi\/home\/"},"modified":"2024-09-03T10:49:21","modified_gmt":"2024-09-03T10:49:21","slug":"home","status":"publish","type":"page","link":"http:\/\/www.barongroup.fi\/et\/","title":{"rendered":"Esileht"},"content":{"rendered":"<h2>Ehitus ja Restaureerimine<\/h2>\n<p>\t\t\t<a href=\"#more\"><br \/>\n\t\t\t\t\t\t\t\t\tUuri l\u00e4hemalt<br \/>\n\t\t\t\t\t<\/a><br \/>\n\t\t\t<svg aria-hidden=\"true\" viewBox=\"0 0 512 512\" xmlns=\"http:\/\/www.w3.org\/2000\/svg\"><path d=\"M256 8C119 8 8 119 8 256s111 248 248 248 248-111 248-248S393 8 256 8z\"><\/path><\/svg><\/p>\n<h3>Me v\u00e4\u00e4rime<\/h3>\n<p>\t\tBarongroupi p\u00f5hiv\u00e4\u00e4rtused on p\u00fchendumus, ausus ja meeskonnat\u00f6\u00f6, mis juhivad iga projekti. Me seame oma klientide vajadused esikohale ja kohaneme erinevate v\u00e4ljakutsetega, tagades nii uute ehitiste kui ka ajalooliste hoonete restaureerimisel tipptaseme.<br \/>\n\t\t\t<a href=\"\" aria-label=\"Learn More\"><\/p>\n<h4>Ehitus<\/h4>\n<p>Barongroup on spetsialiseerunud uute hoonete ehitamisele, teostades projekte t\u00f5husalt ja t\u00e4pselt. Olenemata sellest, kas soovite arendada elamu-, \u00e4ri- v\u00f5i t\u00f6\u00f6stuskinnisvara, meie teadmised tagavad teie visiooni realiseerimise k\u00f5rgeimate standardite kohaselt.<\/p>\n<p>            <\/a><br \/>\n\t\t\t<a href=\"\" aria-label=\"Learn More\"><\/p>\n<h4>Restaureerimine<\/h4>\n<p>Meil on t\u00f5estatud kogemused ajalooliste hoonete restaureerimisel, s\u00e4ilitades nende algset v\u00f5lu ja ajakohastades neid kaasaegsetele standarditele. Meie t\u00f6\u00f6 Museovirasto juures r\u00f5hutab meie v\u00f5imet tulla toime keeruliste ja keeruliste restaureerimisprojektidega, s\u00e4ilitades Soome arhitektuurip\u00e4randit.<\/p>\n<p>            <\/a>\t\t<\/p>\n<h3>Meist<\/h3>\n<p>        0<br \/>\n        <sup>+<\/sup><\/p>\n<h2><\/h2>\n<p>Kogemust<\/p>\n<p>        0<br \/>\n        <sup>+<\/sup><\/p>\n<h2><\/h2>\n<p>Tehtud projekte<\/p>\n<p>\t\t\t\t\t\t\t\t\t\t\t\t\t\t<a href=\"https:\/\/www.museovirasto.fi\/\" target=\"_blank\" rel=\"nofollow noopener\"><br \/>\n\t\t\t\t\t\t\t<img decoding=\"async\" src=\"http:\/\/www.barongroup.fi\/wp-content\/uploads\/2024\/08\/museovirasto-150x150.jpg\" title=\"museovirasto.jpg\" alt=\"museovirasto.jpg\" loading=\"lazy\" \/>\t\t\t\t\t\t\t\t<\/a><\/p>\n<p>Meie koost\u00f6\u00f6 Museovirasto&#8217;ga r\u00f5hutab meie teadmisi delikaatsete ja keeruliste restaureerimisprojektide k\u00e4sitlemisel, mis on Soome arhitektuurip\u00e4randi s\u00e4ilitamiseks h\u00e4davajalikud.<\/p>\n<h2>Rohkem kui 6-aastase kogemusega Barongroup on usaldusv\u00e4\u00e4rne nimi ehituses ja renoveerimises, mis tegutseb laialdaselt Soomes.<\/h2>\n<p>Oleme Museovirasto uhked partnerid, kes tegelevad igasuguse keerukusega projektidega, alates kaasaegsetest ehitistest kuni \u00fcle 300 aasta vanuste hoonete hoolika restaureerimiseni. Meie p\u00fchendumus kvaliteedile ja usaldusv\u00e4\u00e4rsusele teeb meist ideaalse partneri teie projekti jaoks.<\/p>\n<p>\t\t\t<a role=\"button\"><br \/>\n\t\t\t\t\t\t\t\t\tRohkem meist<br \/>\n\t\t\t\t\t<\/a><\/p>\n<h3>Projektid<\/h3>\n<p>Tutvuge meie projektidega, mis n\u00e4itavad meie mitmek\u00fclgsust nii uute ehitiste kui ka restaureerimiste puhul. Iga projekt peegeldab meie p\u00fchendumust kvaliteedile ja t\u00e4helepanu detailidele, olenemata keerukusest v\u00f5i mastaabist.<\/p>\n<p>\t\t\t\t\t\t\t\t\t<strong>1<\/strong><br \/>\n\t\t\t\t\t\t\t\t\t\t\t\t\t\t\t\t\t\t\t\t\t\t\t\t\t\t\t\t\t\t\t<!-- .commentor-content END --><br \/>\n\t\t\t\t\t\t\t\t\t<strong>2<\/strong><br \/>\n\t\t\t\t\t\t\t\t\t\t\t\t\t\t\t\t\t\t\t\t\t\t\t\t\t\t\t\t\t\t\t<!-- .commentor-content END --><br \/>\n\t\t\t\t\t\t\t\t\t<strong>3<\/strong><br \/>\n\t\t\t\t\t\t\t\t\t\t\t\t\t\t\t\t\t\t\t\t\t\t\t\t\t\t\t\t\t\t\t<!-- .commentor-content END --><br \/>\n\t\t\t\t\t\t\t\t\t<strong>4<\/strong><br \/>\n\t\t\t\t\t\t\t\t\t\t\t\t\t\t\t\t\t\t\t\t\t\t\t\t\t\t\t\t\t\t\t<!-- .commentor-content END --><br \/>\n\t\t\t\t\t\t\t\t\t<strong>5<\/strong><br \/>\n\t\t\t\t\t\t\t\t\t\t\t\t\t\t\t\t\t\t\t\t\t\t\t\t\t\t\t\t\t\t\t<!-- .commentor-content END --><br \/>\n\t\t\t\t\t\t\t\t\t<strong>6<\/strong><br \/>\n\t\t\t\t\t\t\t\t\t\t\t\t\t\t\t\t\t\t\t\t\t\t\t\t\t\t\t\t\t\t\t<!-- .commentor-content END --><br \/>\n\t\t\t\t\t\t\t\t\t<strong>7<\/strong><br \/>\n\t\t\t\t\t\t\t\t\t\t\t\t\t\t\t\t\t\t\t\t\t\t\t\t\t\t\t\t\t\t\t<!-- .commentor-content END --><br \/>\n\t\t\t\t\t\t\t\t\t<strong>8<\/strong><br \/>\n\t\t\t\t\t\t\t\t\t\t\t\t\t\t\t\t\t\t\t\t\t\t\t\t\t\t\t\t\t\t\t<!-- .commentor-content END --><br \/>\n\t\t\t\t\t\t\t\t\t<strong>9<\/strong><br \/>\n\t\t\t\t\t\t\t\t\t\t\t\t\t\t\t\t\t\t\t\t\t\t\t\t\t\t\t\t\t\t\t<!-- .commentor-content END --><br \/>\n\t\t\t\t\t\t\t\t\t<strong>10<\/strong><br \/>\n\t\t\t\t\t\t\t\t\t\t\t\t\t\t\t\t\t\t\t\t\t\t\t\t\t\t\t\t\t\t\t<!-- .commentor-content END --><br \/>\n\t\t\t\t\t\t\t\t\t<strong>11<\/strong><br \/>\n\t\t\t\t\t\t\t\t\t\t\t\t\t\t\t\t\t\t\t\t\t\t\t\t\t\t\t\t\t\t\t<!-- .commentor-content END --><br \/>\n\t\t\t\t\t\t\t\t\t<strong>12<\/strong><br \/>\n\t\t\t\t\t\t\t\t\t\t\t\t\t\t\t\t\t\t\t\t\t\t\t\t\t\t\t\t\t\t\t<!-- .commentor-content END --><\/p>\n","protected":false},"excerpt":{"rendered":"<p>Ehitus ja Restaureerimine Uuri l\u00e4hemalt Me v\u00e4\u00e4rime Barongroupi p\u00f5hiv\u00e4\u00e4rtused on p\u00fchendumus, ausus ja meeskonnat\u00f6\u00f6, mis juhivad iga projekti. Me seame oma klientide vajadused esikohale ja kohaneme erinevate v\u00e4ljakutsetega, tagades nii uute ehitiste kui ka ajalooliste hoonete restaureerimisel tipptaseme. Ehitus Barongroup on spetsialiseerunud uute hoonete ehitamisele, teostades projekte t\u00f5husalt ja t\u00e4pselt. Olenemata sellest, kas soovite arendada [&hellip;]<\/p>\n","protected":false},"author":1,"featured_media":0,"parent":0,"menu_order":0,"comment_status":"closed","ping_status":"closed","template":"elementor_header_footer","meta":{"footnotes":""},"class_list":["post-2090","page","type-page","status-publish","hentry"],"yoast_head":"<!-- This site is optimized with the Yoast SEO plugin v27.3 - https:\/\/yoast.com\/product\/yoast-seo-wordpress\/ -->\n<title>Baron Group - Ehitus ja Restaureerimine<\/title>\n<meta name=\"description\" content=\"Rohkem kui 6-aastase kogemusega Barongroup on usaldusv\u00e4\u00e4rne nimi ehituses ja renoveerimises, mis tegutseb laialdaselt Soomes.\" \/>\n<meta name=\"robots\" content=\"index, follow, max-snippet:-1, max-image-preview:large, max-video-preview:-1\" \/>\n<link rel=\"canonical\" href=\"http:\/\/www.barongroup.fi\/et\/\" \/>\n<meta property=\"og:locale\" content=\"et_EE\" \/>\n<meta property=\"og:type\" content=\"article\" \/>\n<meta property=\"og:title\" content=\"Baron Group - Ehitus ja Restaureerimine\" \/>\n<meta property=\"og:description\" content=\"Rohkem kui 6-aastase kogemusega Barongroup on usaldusv\u00e4\u00e4rne nimi ehituses ja renoveerimises, mis tegutseb laialdaselt Soomes.\" \/>\n<meta property=\"og:url\" content=\"http:\/\/www.barongroup.fi\/et\/\" \/>\n<meta property=\"og:site_name\" content=\"Baron Group\" \/>\n<meta property=\"article:modified_time\" content=\"2024-09-03T10:49:21+00:00\" \/>\n<meta property=\"og:image\" content=\"http:\/\/www.barongroup.fi\/wp-content\/uploads\/2024\/07\/slider-4.jpeg\" \/>\n\t<meta property=\"og:image:width\" content=\"1920\" \/>\n\t<meta property=\"og:image:height\" content=\"1080\" \/>\n\t<meta property=\"og:image:type\" content=\"image\/jpeg\" \/>\n<meta name=\"twitter:card\" content=\"summary_large_image\" \/>\n<meta name=\"twitter:title\" content=\"Baron Group - Ehitus ja Restaureerimine\" \/>\n<meta name=\"twitter:description\" content=\"Rohkem kui 6-aastase kogemusega Barongroup on usaldusv\u00e4\u00e4rne nimi ehituses ja renoveerimises, mis tegutseb laialdaselt Soomes.\" \/>\n<meta name=\"twitter:image\" content=\"http:\/\/www.barongroup.fi\/wp-content\/uploads\/2024\/07\/slider-4.jpeg\" \/>\n<script type=\"application\/ld+json\" class=\"yoast-schema-graph\">{\"@context\":\"https:\\\/\\\/schema.org\",\"@graph\":[{\"@type\":\"WebPage\",\"@id\":\"http:\\\/\\\/www.barongroup.fi\\\/et\\\/\",\"url\":\"http:\\\/\\\/www.barongroup.fi\\\/et\\\/\",\"name\":\"Baron Group - Ehitus ja Restaureerimine\",\"isPartOf\":{\"@id\":\"http:\\\/\\\/www.barongroup.fi\\\/#website\"},\"primaryImageOfPage\":{\"@id\":\"http:\\\/\\\/www.barongroup.fi\\\/et\\\/#primaryimage\"},\"image\":{\"@id\":\"http:\\\/\\\/www.barongroup.fi\\\/et\\\/#primaryimage\"},\"thumbnailUrl\":\"http:\\\/\\\/www.barongroup.fi\\\/wp-content\\\/uploads\\\/2024\\\/08\\\/museovirasto-150x150.jpg\",\"datePublished\":\"2024-07-03T10:22:55+00:00\",\"dateModified\":\"2024-09-03T10:49:21+00:00\",\"description\":\"Rohkem kui 6-aastase kogemusega Barongroup on usaldusv\u00e4\u00e4rne nimi ehituses ja renoveerimises, mis tegutseb laialdaselt Soomes.\",\"breadcrumb\":{\"@id\":\"http:\\\/\\\/www.barongroup.fi\\\/et\\\/#breadcrumb\"},\"inLanguage\":\"et\",\"potentialAction\":[{\"@type\":\"ReadAction\",\"target\":[\"http:\\\/\\\/www.barongroup.fi\\\/et\\\/\"]}]},{\"@type\":\"ImageObject\",\"inLanguage\":\"et\",\"@id\":\"http:\\\/\\\/www.barongroup.fi\\\/et\\\/#primaryimage\",\"url\":\"http:\\\/\\\/www.barongroup.fi\\\/wp-content\\\/uploads\\\/2024\\\/08\\\/museovirasto-150x150.jpg\",\"contentUrl\":\"http:\\\/\\\/www.barongroup.fi\\\/wp-content\\\/uploads\\\/2024\\\/08\\\/museovirasto-150x150.jpg\"},{\"@type\":\"BreadcrumbList\",\"@id\":\"http:\\\/\\\/www.barongroup.fi\\\/et\\\/#breadcrumb\",\"itemListElement\":[{\"@type\":\"ListItem\",\"position\":1,\"name\":\"Home\",\"item\":\"http:\\\/\\\/www.barongroup.fi\\\/et\\\/\"},{\"@type\":\"ListItem\",\"position\":2,\"name\":\"Esileht\"}]},{\"@type\":\"WebSite\",\"@id\":\"http:\\\/\\\/www.barongroup.fi\\\/#website\",\"url\":\"http:\\\/\\\/www.barongroup.fi\\\/\",\"name\":\"Baron Group\",\"description\":\"\",\"publisher\":{\"@id\":\"http:\\\/\\\/www.barongroup.fi\\\/#organization\"},\"potentialAction\":[{\"@type\":\"SearchAction\",\"target\":{\"@type\":\"EntryPoint\",\"urlTemplate\":\"http:\\\/\\\/www.barongroup.fi\\\/?s={search_term_string}\"},\"query-input\":{\"@type\":\"PropertyValueSpecification\",\"valueRequired\":true,\"valueName\":\"search_term_string\"}}],\"inLanguage\":\"et\"},{\"@type\":\"Organization\",\"@id\":\"http:\\\/\\\/www.barongroup.fi\\\/#organization\",\"name\":\"Baron Group\",\"url\":\"http:\\\/\\\/www.barongroup.fi\\\/\",\"logo\":{\"@type\":\"ImageObject\",\"inLanguage\":\"et\",\"@id\":\"http:\\\/\\\/www.barongroup.fi\\\/#\\\/schema\\\/logo\\\/image\\\/\",\"url\":\"http:\\\/\\\/www.barongroup.fi\\\/wp-content\\\/uploads\\\/2024\\\/07\\\/baron-group-w.svg\",\"contentUrl\":\"http:\\\/\\\/www.barongroup.fi\\\/wp-content\\\/uploads\\\/2024\\\/07\\\/baron-group-w.svg\",\"width\":100,\"height\":100,\"caption\":\"Baron Group\"},\"image\":{\"@id\":\"http:\\\/\\\/www.barongroup.fi\\\/#\\\/schema\\\/logo\\\/image\\\/\"}}]}<\/script>\n<!-- \/ Yoast SEO plugin. -->","yoast_head_json":{"title":"Baron Group - Ehitus ja Restaureerimine","description":"Rohkem kui 6-aastase kogemusega Barongroup on usaldusv\u00e4\u00e4rne nimi ehituses ja renoveerimises, mis tegutseb laialdaselt Soomes.","robots":{"index":"index","follow":"follow","max-snippet":"max-snippet:-1","max-image-preview":"max-image-preview:large","max-video-preview":"max-video-preview:-1"},"canonical":"http:\/\/www.barongroup.fi\/et\/","og_locale":"et_EE","og_type":"article","og_title":"Baron Group - Ehitus ja Restaureerimine","og_description":"Rohkem kui 6-aastase kogemusega Barongroup on usaldusv\u00e4\u00e4rne nimi ehituses ja renoveerimises, mis tegutseb laialdaselt Soomes.","og_url":"http:\/\/www.barongroup.fi\/et\/","og_site_name":"Baron Group","article_modified_time":"2024-09-03T10:49:21+00:00","og_image":[{"width":1920,"height":1080,"url":"http:\/\/www.barongroup.fi\/wp-content\/uploads\/2024\/07\/slider-4.jpeg","type":"image\/jpeg"}],"twitter_card":"summary_large_image","twitter_title":"Baron Group - Ehitus ja Restaureerimine","twitter_description":"Rohkem kui 6-aastase kogemusega Barongroup on usaldusv\u00e4\u00e4rne nimi ehituses ja renoveerimises, mis tegutseb laialdaselt Soomes.","twitter_image":"http:\/\/www.barongroup.fi\/wp-content\/uploads\/2024\/07\/slider-4.jpeg","schema":{"@context":"https:\/\/schema.org","@graph":[{"@type":"WebPage","@id":"http:\/\/www.barongroup.fi\/et\/","url":"http:\/\/www.barongroup.fi\/et\/","name":"Baron Group - Ehitus ja Restaureerimine","isPartOf":{"@id":"http:\/\/www.barongroup.fi\/#website"},"primaryImageOfPage":{"@id":"http:\/\/www.barongroup.fi\/et\/#primaryimage"},"image":{"@id":"http:\/\/www.barongroup.fi\/et\/#primaryimage"},"thumbnailUrl":"http:\/\/www.barongroup.fi\/wp-content\/uploads\/2024\/08\/museovirasto-150x150.jpg","datePublished":"2024-07-03T10:22:55+00:00","dateModified":"2024-09-03T10:49:21+00:00","description":"Rohkem kui 6-aastase kogemusega Barongroup on usaldusv\u00e4\u00e4rne nimi ehituses ja renoveerimises, mis tegutseb laialdaselt Soomes.","breadcrumb":{"@id":"http:\/\/www.barongroup.fi\/et\/#breadcrumb"},"inLanguage":"et","potentialAction":[{"@type":"ReadAction","target":["http:\/\/www.barongroup.fi\/et\/"]}]},{"@type":"ImageObject","inLanguage":"et","@id":"http:\/\/www.barongroup.fi\/et\/#primaryimage","url":"http:\/\/www.barongroup.fi\/wp-content\/uploads\/2024\/08\/museovirasto-150x150.jpg","contentUrl":"http:\/\/www.barongroup.fi\/wp-content\/uploads\/2024\/08\/museovirasto-150x150.jpg"},{"@type":"BreadcrumbList","@id":"http:\/\/www.barongroup.fi\/et\/#breadcrumb","itemListElement":[{"@type":"ListItem","position":1,"name":"Home","item":"http:\/\/www.barongroup.fi\/et\/"},{"@type":"ListItem","position":2,"name":"Esileht"}]},{"@type":"WebSite","@id":"http:\/\/www.barongroup.fi\/#website","url":"http:\/\/www.barongroup.fi\/","name":"Baron Group","description":"","publisher":{"@id":"http:\/\/www.barongroup.fi\/#organization"},"potentialAction":[{"@type":"SearchAction","target":{"@type":"EntryPoint","urlTemplate":"http:\/\/www.barongroup.fi\/?s={search_term_string}"},"query-input":{"@type":"PropertyValueSpecification","valueRequired":true,"valueName":"search_term_string"}}],"inLanguage":"et"},{"@type":"Organization","@id":"http:\/\/www.barongroup.fi\/#organization","name":"Baron Group","url":"http:\/\/www.barongroup.fi\/","logo":{"@type":"ImageObject","inLanguage":"et","@id":"http:\/\/www.barongroup.fi\/#\/schema\/logo\/image\/","url":"http:\/\/www.barongroup.fi\/wp-content\/uploads\/2024\/07\/baron-group-w.svg","contentUrl":"http:\/\/www.barongroup.fi\/wp-content\/uploads\/2024\/07\/baron-group-w.svg","width":100,"height":100,"caption":"Baron Group"},"image":{"@id":"http:\/\/www.barongroup.fi\/#\/schema\/logo\/image\/"}}]}},"_links":{"self":[{"href":"http:\/\/www.barongroup.fi\/et\/wp-json\/wp\/v2\/pages\/2090","targetHints":{"allow":["GET"]}}],"collection":[{"href":"http:\/\/www.barongroup.fi\/et\/wp-json\/wp\/v2\/pages"}],"about":[{"href":"http:\/\/www.barongroup.fi\/et\/wp-json\/wp\/v2\/types\/page"}],"author":[{"embeddable":true,"href":"http:\/\/www.barongroup.fi\/et\/wp-json\/wp\/v2\/users\/1"}],"replies":[{"embeddable":true,"href":"http:\/\/www.barongroup.fi\/et\/wp-json\/wp\/v2\/comments?post=2090"}],"version-history":[{"count":55,"href":"http:\/\/www.barongroup.fi\/et\/wp-json\/wp\/v2\/pages\/2090\/revisions"}],"predecessor-version":[{"id":6348,"href":"http:\/\/www.barongroup.fi\/et\/wp-json\/wp\/v2\/pages\/2090\/revisions\/6348"}],"wp:attachment":[{"href":"http:\/\/www.barongroup.fi\/et\/wp-json\/wp\/v2\/media?parent=2090"}],"curies":[{"name":"wp","href":"https:\/\/api.w.org\/{rel}","templated":true}]}}