{"id":2106,"date":"2024-07-11T09:12:41","date_gmt":"2024-07-11T09:12:41","guid":{"rendered":"https:\/\/www.barongroup.fi\/about\/"},"modified":"2024-08-16T10:40:02","modified_gmt":"2024-08-16T10:40:02","slug":"about","status":"publish","type":"page","link":"https:\/\/www.barongroup.fi\/et\/about\/","title":{"rendered":"Meist"},"content":{"rendered":"<ul>\n<li>\n\t\t\t\t\t\t\t\t\t\t\t<a href=\"#\"><br \/>\n\t\t\t\t\t\t\t\t\t\t\tEsileht<br \/>\n\t\t\t\t\t\t\t\t\t\t\t<\/a>\n\t\t\t\t\t\t\t\t\t<\/li>\n<li>\n\t\t\t\t\t\t\t\t\t<\/li>\n<li>\n\t\t\t\t\t\t\t\t\t\t\t<a href=\"#\"><br \/>\n\t\t\t\t\t\t\t\t\t\t\tMeist<br \/>\n\t\t\t\t\t\t\t\t\t\t\t<\/a>\n\t\t\t\t\t\t\t\t\t<\/li>\n<\/ul>\n<h2>Mesit<\/h2>\n<h4>Ehitame algusest peale<\/h4>\n<p>Rohkem kui 10-aastase kogemusega Barongroup on usaldusv\u00e4\u00e4rne nimi ehituses ja renoveerimises, mis tegutseb laialdaselt Soomes.<\/p>\n<h2>Unikaalsete konstruktsioonide valmistamine ja ajalooliste hoonete restaureerimine uuenduslikkuse, t\u00e4psuse ja v\u00f5rratu t\u00e4helepanu detailidele<\/h2>\n<p>Oleme uhked oma vankumatu p\u00fchendumuse \u00fcle tipptasemele nii ehituses kui ka restaureerimises. Meie teekond algas \u00fcle k\u00fcmne aasta tagasi ja sellest ajast alates oleme end t\u00f5estanud kui juhtivat nime selles valdkonnas, mis on tuntud oma p\u00fchendumise poolest kvaliteedile, k\u00e4sit\u00f6\u00f6le ja kliendi rahulolule.<\/p>\n<p>Meie missiooniks on muuta visioonid reaalsuseks uuenduslike ehitustavade ja hoolikate restaureerimistehnikate abil. Me usume, et peame looma konstruktsioone, mis ei vasta mitte ainult k\u00f5rgeimatele funktsionaalsuse ja esteetika standarditele, vaid ka ajaproovile.<\/p>\n","protected":false},"excerpt":{"rendered":"<p>Esileht Meist Mesit Ehitame algusest peale Rohkem kui 10-aastase kogemusega Barongroup on usaldusv\u00e4\u00e4rne nimi ehituses ja renoveerimises, mis tegutseb laialdaselt Soomes. Unikaalsete konstruktsioonide valmistamine ja ajalooliste hoonete restaureerimine uuenduslikkuse, t\u00e4psuse ja v\u00f5rratu t\u00e4helepanu detailidele Oleme uhked oma vankumatu p\u00fchendumuse \u00fcle tipptasemele nii ehituses kui ka restaureerimises. Meie teekond algas \u00fcle k\u00fcmne aasta tagasi ja sellest [&hellip;]<\/p>\n","protected":false},"author":1,"featured_media":0,"parent":0,"menu_order":0,"comment_status":"closed","ping_status":"closed","template":"elementor_header_footer","meta":{"footnotes":""},"class_list":["post-2106","page","type-page","status-publish","hentry"],"yoast_head":"<!-- This site is optimized with the Yoast SEO plugin v27.3 - https:\/\/yoast.com\/product\/yoast-seo-wordpress\/ -->\n<title>Meist - Baron Group<\/title>\n<meta name=\"robots\" content=\"index, follow, max-snippet:-1, max-image-preview:large, max-video-preview:-1\" \/>\n<link rel=\"canonical\" href=\"https:\/\/www.barongroup.fi\/et\/about\/\" \/>\n<meta property=\"og:locale\" content=\"et_EE\" \/>\n<meta property=\"og:type\" content=\"article\" \/>\n<meta property=\"og:title\" content=\"Meist - Baron Group\" \/>\n<meta property=\"og:description\" content=\"Esileht Meist Mesit Ehitame algusest peale Rohkem kui 10-aastase kogemusega Barongroup on usaldusv\u00e4\u00e4rne nimi ehituses ja renoveerimises, mis tegutseb laialdaselt Soomes. Unikaalsete konstruktsioonide valmistamine ja ajalooliste hoonete restaureerimine uuenduslikkuse, t\u00e4psuse ja v\u00f5rratu t\u00e4helepanu detailidele Oleme uhked oma vankumatu p\u00fchendumuse \u00fcle tipptasemele nii ehituses kui ka restaureerimises. Meie teekond algas \u00fcle k\u00fcmne aasta tagasi ja sellest [&hellip;]\" \/>\n<meta property=\"og:url\" content=\"https:\/\/www.barongroup.fi\/et\/about\/\" \/>\n<meta property=\"og:site_name\" content=\"Baron Group\" \/>\n<meta property=\"article:modified_time\" content=\"2024-08-16T10:40:02+00:00\" \/>\n<meta name=\"twitter:card\" content=\"summary_large_image\" \/>\n<script type=\"application\/ld+json\" class=\"yoast-schema-graph\">{\"@context\":\"https:\\\/\\\/schema.org\",\"@graph\":[{\"@type\":\"WebPage\",\"@id\":\"https:\\\/\\\/www.barongroup.fi\\\/et\\\/about\\\/\",\"url\":\"https:\\\/\\\/www.barongroup.fi\\\/et\\\/about\\\/\",\"name\":\"Meist - Baron Group\",\"isPartOf\":{\"@id\":\"http:\\\/\\\/www.barongroup.fi\\\/#website\"},\"datePublished\":\"2024-07-11T09:12:41+00:00\",\"dateModified\":\"2024-08-16T10:40:02+00:00\",\"breadcrumb\":{\"@id\":\"https:\\\/\\\/www.barongroup.fi\\\/et\\\/about\\\/#breadcrumb\"},\"inLanguage\":\"et\",\"potentialAction\":[{\"@type\":\"ReadAction\",\"target\":[\"https:\\\/\\\/www.barongroup.fi\\\/et\\\/about\\\/\"]}]},{\"@type\":\"BreadcrumbList\",\"@id\":\"https:\\\/\\\/www.barongroup.fi\\\/et\\\/about\\\/#breadcrumb\",\"itemListElement\":[{\"@type\":\"ListItem\",\"position\":1,\"name\":\"Home\",\"item\":\"http:\\\/\\\/www.barongroup.fi\\\/et\\\/\"},{\"@type\":\"ListItem\",\"position\":2,\"name\":\"Meist\"}]},{\"@type\":\"WebSite\",\"@id\":\"http:\\\/\\\/www.barongroup.fi\\\/#website\",\"url\":\"http:\\\/\\\/www.barongroup.fi\\\/\",\"name\":\"Baron Group\",\"description\":\"\",\"publisher\":{\"@id\":\"http:\\\/\\\/www.barongroup.fi\\\/#organization\"},\"potentialAction\":[{\"@type\":\"SearchAction\",\"target\":{\"@type\":\"EntryPoint\",\"urlTemplate\":\"http:\\\/\\\/www.barongroup.fi\\\/?s={search_term_string}\"},\"query-input\":{\"@type\":\"PropertyValueSpecification\",\"valueRequired\":true,\"valueName\":\"search_term_string\"}}],\"inLanguage\":\"et\"},{\"@type\":\"Organization\",\"@id\":\"http:\\\/\\\/www.barongroup.fi\\\/#organization\",\"name\":\"Baron Group\",\"url\":\"http:\\\/\\\/www.barongroup.fi\\\/\",\"logo\":{\"@type\":\"ImageObject\",\"inLanguage\":\"et\",\"@id\":\"http:\\\/\\\/www.barongroup.fi\\\/#\\\/schema\\\/logo\\\/image\\\/\",\"url\":\"https:\\\/\\\/www.barongroup.fi\\\/wp-content\\\/uploads\\\/2024\\\/07\\\/baron-group-w.svg\",\"contentUrl\":\"https:\\\/\\\/www.barongroup.fi\\\/wp-content\\\/uploads\\\/2024\\\/07\\\/baron-group-w.svg\",\"width\":100,\"height\":100,\"caption\":\"Baron Group\"},\"image\":{\"@id\":\"http:\\\/\\\/www.barongroup.fi\\\/#\\\/schema\\\/logo\\\/image\\\/\"}}]}<\/script>\n<!-- \/ Yoast SEO plugin. -->","yoast_head_json":{"title":"Meist - Baron Group","robots":{"index":"index","follow":"follow","max-snippet":"max-snippet:-1","max-image-preview":"max-image-preview:large","max-video-preview":"max-video-preview:-1"},"canonical":"https:\/\/www.barongroup.fi\/et\/about\/","og_locale":"et_EE","og_type":"article","og_title":"Meist - Baron Group","og_description":"Esileht Meist Mesit Ehitame algusest peale Rohkem kui 10-aastase kogemusega Barongroup on usaldusv\u00e4\u00e4rne nimi ehituses ja renoveerimises, mis tegutseb laialdaselt Soomes. Unikaalsete konstruktsioonide valmistamine ja ajalooliste hoonete restaureerimine uuenduslikkuse, t\u00e4psuse ja v\u00f5rratu t\u00e4helepanu detailidele Oleme uhked oma vankumatu p\u00fchendumuse \u00fcle tipptasemele nii ehituses kui ka restaureerimises. Meie teekond algas \u00fcle k\u00fcmne aasta tagasi ja sellest [&hellip;]","og_url":"https:\/\/www.barongroup.fi\/et\/about\/","og_site_name":"Baron Group","article_modified_time":"2024-08-16T10:40:02+00:00","twitter_card":"summary_large_image","schema":{"@context":"https:\/\/schema.org","@graph":[{"@type":"WebPage","@id":"https:\/\/www.barongroup.fi\/et\/about\/","url":"https:\/\/www.barongroup.fi\/et\/about\/","name":"Meist - Baron Group","isPartOf":{"@id":"http:\/\/www.barongroup.fi\/#website"},"datePublished":"2024-07-11T09:12:41+00:00","dateModified":"2024-08-16T10:40:02+00:00","breadcrumb":{"@id":"https:\/\/www.barongroup.fi\/et\/about\/#breadcrumb"},"inLanguage":"et","potentialAction":[{"@type":"ReadAction","target":["https:\/\/www.barongroup.fi\/et\/about\/"]}]},{"@type":"BreadcrumbList","@id":"https:\/\/www.barongroup.fi\/et\/about\/#breadcrumb","itemListElement":[{"@type":"ListItem","position":1,"name":"Home","item":"http:\/\/www.barongroup.fi\/et\/"},{"@type":"ListItem","position":2,"name":"Meist"}]},{"@type":"WebSite","@id":"http:\/\/www.barongroup.fi\/#website","url":"http:\/\/www.barongroup.fi\/","name":"Baron Group","description":"","publisher":{"@id":"http:\/\/www.barongroup.fi\/#organization"},"potentialAction":[{"@type":"SearchAction","target":{"@type":"EntryPoint","urlTemplate":"http:\/\/www.barongroup.fi\/?s={search_term_string}"},"query-input":{"@type":"PropertyValueSpecification","valueRequired":true,"valueName":"search_term_string"}}],"inLanguage":"et"},{"@type":"Organization","@id":"http:\/\/www.barongroup.fi\/#organization","name":"Baron Group","url":"http:\/\/www.barongroup.fi\/","logo":{"@type":"ImageObject","inLanguage":"et","@id":"http:\/\/www.barongroup.fi\/#\/schema\/logo\/image\/","url":"https:\/\/www.barongroup.fi\/wp-content\/uploads\/2024\/07\/baron-group-w.svg","contentUrl":"https:\/\/www.barongroup.fi\/wp-content\/uploads\/2024\/07\/baron-group-w.svg","width":100,"height":100,"caption":"Baron Group"},"image":{"@id":"http:\/\/www.barongroup.fi\/#\/schema\/logo\/image\/"}}]}},"_links":{"self":[{"href":"https:\/\/www.barongroup.fi\/et\/wp-json\/wp\/v2\/pages\/2106","targetHints":{"allow":["GET"]}}],"collection":[{"href":"https:\/\/www.barongroup.fi\/et\/wp-json\/wp\/v2\/pages"}],"about":[{"href":"https:\/\/www.barongroup.fi\/et\/wp-json\/wp\/v2\/types\/page"}],"author":[{"embeddable":true,"href":"https:\/\/www.barongroup.fi\/et\/wp-json\/wp\/v2\/users\/1"}],"replies":[{"embeddable":true,"href":"https:\/\/www.barongroup.fi\/et\/wp-json\/wp\/v2\/comments?post=2106"}],"version-history":[{"count":4,"href":"https:\/\/www.barongroup.fi\/et\/wp-json\/wp\/v2\/pages\/2106\/revisions"}],"predecessor-version":[{"id":4927,"href":"https:\/\/www.barongroup.fi\/et\/wp-json\/wp\/v2\/pages\/2106\/revisions\/4927"}],"wp:attachment":[{"href":"https:\/\/www.barongroup.fi\/et\/wp-json\/wp\/v2\/media?parent=2106"}],"curies":[{"name":"wp","href":"https:\/\/api.w.org\/{rel}","templated":true}]}}