{"id":2112,"date":"2024-07-11T09:57:50","date_gmt":"2024-07-11T09:57:50","guid":{"rendered":"https:\/\/www.barongroup.fi\/our-projects\/"},"modified":"2024-09-03T10:19:15","modified_gmt":"2024-09-03T10:19:15","slug":"our-projects","status":"publish","type":"page","link":"https:\/\/www.barongroup.fi\/et\/our-projects\/","title":{"rendered":"Meie Projektid"},"content":{"rendered":"<ul>\n<li>\n\t\t\t\t\t\t\t\t\t\t\t<a href=\"#\"><br \/>\n\t\t\t\t\t\t\t\t\t\t\tEsileht<br \/>\n\t\t\t\t\t\t\t\t\t\t\t<\/a>\n\t\t\t\t\t\t\t\t\t<\/li>\n<li>\n\t\t\t\t\t\t\t\t\t<\/li>\n<li>\n\t\t\t\t\t\t\t\t\t\t\t<a href=\"#\"><br \/>\n\t\t\t\t\t\t\t\t\t\t\tMeie Projektid<br \/>\n\t\t\t\t\t\t\t\t\t\t\t<\/a>\n\t\t\t\t\t\t\t\t\t<\/li>\n<\/ul>\n<h2>Meie Projektid<\/h2>\n<h4> Kvaliteet on meie p\u00e4rand<\/h4>\n<p>Tutvuge meie projektidega, mis n\u00e4itavad meie mitmek\u00fclgsust nii uute ehitiste kui ka restaureerimiste puhul. Iga projekt peegeldab meie p\u00fchendumust kvaliteedile ja t\u00e4helepanu detailidele, olenemata keerukusest v\u00f5i mastaabist.<\/p>\n<p>\t\t\t\t\t\t\t\t\t<strong>1<\/strong><br \/>\n\t\t\t\t\t\t\t\t\t\t\t\t\t\t\t\t\t\t\t\t\t\t\t\t\t\t\t\t\t\t\t<!-- .commentor-content END --><br \/>\n\t\t\t\t\t\t\t\t\t<strong>2<\/strong><br \/>\n\t\t\t\t\t\t\t\t\t\t\t\t\t\t\t\t\t\t\t\t\t\t\t\t\t\t\t\t\t\t\t<!-- .commentor-content END --><br \/>\n\t\t\t\t\t\t\t\t\t<strong>3<\/strong><br \/>\n\t\t\t\t\t\t\t\t\t\t\t\t\t\t\t\t\t\t\t\t\t\t\t\t\t\t\t\t\t\t\t<!-- .commentor-content END --><br \/>\n\t\t\t\t\t\t\t\t\t<strong>4<\/strong><br \/>\n\t\t\t\t\t\t\t\t\t\t\t\t\t\t\t\t\t\t\t\t\t\t\t\t\t\t\t\t\t\t\t<!-- .commentor-content END --><br \/>\n\t\t\t\t\t\t\t\t\t<strong>5<\/strong><br \/>\n\t\t\t\t\t\t\t\t\t\t\t\t\t\t\t\t\t\t\t\t\t\t\t\t\t\t\t\t\t\t\t<!-- .commentor-content END --><br \/>\n\t\t\t\t\t\t\t\t\t<strong>6<\/strong><br \/>\n\t\t\t\t\t\t\t\t\t\t\t\t\t\t\t\t\t\t\t\t\t\t\t\t\t\t\t\t\t\t\t<!-- .commentor-content END --><br \/>\n\t\t\t\t\t\t\t\t\t<strong>7<\/strong><br \/>\n\t\t\t\t\t\t\t\t\t\t\t\t\t\t\t\t\t\t\t\t\t\t\t\t\t\t\t\t\t\t\t<!-- .commentor-content END --><br \/>\n\t\t\t\t\t\t\t\t\t<strong>8<\/strong><br \/>\n\t\t\t\t\t\t\t\t\t\t\t\t\t\t\t\t\t\t\t\t\t\t\t\t\t\t\t\t\t\t\t<!-- .commentor-content END --><br \/>\n\t\t\t\t\t\t\t\t\t<strong>9<\/strong><br \/>\n\t\t\t\t\t\t\t\t\t\t\t\t\t\t\t\t\t\t\t\t\t\t\t\t\t\t\t\t\t\t\t<!-- .commentor-content END --><br \/>\n\t\t\t\t\t\t\t\t\t<strong>10<\/strong><br \/>\n\t\t\t\t\t\t\t\t\t\t\t\t\t\t\t\t\t\t\t\t\t\t\t\t\t\t\t\t\t\t\t<!-- .commentor-content END --><br \/>\n\t\t\t\t\t\t\t\t\t<strong>11<\/strong><br \/>\n\t\t\t\t\t\t\t\t\t\t\t\t\t\t\t\t\t\t\t\t\t\t\t\t\t\t\t\t\t\t\t<!-- .commentor-content END --><br \/>\n\t\t\t\t\t\t\t\t\t<strong>12<\/strong><br \/>\n\t\t\t\t\t\t\t\t\t\t\t\t\t\t\t\t\t\t\t\t\t\t\t\t\t\t\t\t\t\t\t<!-- .commentor-content END --><\/p>\n","protected":false},"excerpt":{"rendered":"<p>Esileht Meie Projektid Meie Projektid Kvaliteet on meie p\u00e4rand Tutvuge meie projektidega, mis n\u00e4itavad meie mitmek\u00fclgsust nii uute ehitiste kui ka restaureerimiste puhul. Iga projekt peegeldab meie p\u00fchendumust kvaliteedile ja t\u00e4helepanu detailidele, olenemata keerukusest v\u00f5i mastaabist. 1 2 3 4 5 6 7 8 9 10 11 12<\/p>\n","protected":false},"author":1,"featured_media":0,"parent":0,"menu_order":0,"comment_status":"closed","ping_status":"closed","template":"elementor_header_footer","meta":{"footnotes":""},"class_list":["post-2112","page","type-page","status-publish","hentry"],"yoast_head":"<!-- This site is optimized with the Yoast SEO plugin v27.3 - https:\/\/yoast.com\/product\/yoast-seo-wordpress\/ -->\n<title>Meie Projektid - Baron Group<\/title>\n<meta name=\"robots\" content=\"index, follow, max-snippet:-1, max-image-preview:large, max-video-preview:-1\" \/>\n<link rel=\"canonical\" href=\"https:\/\/www.barongroup.fi\/et\/our-projects\/\" \/>\n<meta property=\"og:locale\" content=\"et_EE\" \/>\n<meta property=\"og:type\" content=\"article\" \/>\n<meta property=\"og:title\" content=\"Meie Projektid - Baron Group\" \/>\n<meta property=\"og:description\" content=\"Esileht Meie Projektid Meie Projektid Kvaliteet on meie p\u00e4rand Tutvuge meie projektidega, mis n\u00e4itavad meie mitmek\u00fclgsust nii uute ehitiste kui ka restaureerimiste puhul. Iga projekt peegeldab meie p\u00fchendumust kvaliteedile ja t\u00e4helepanu detailidele, olenemata keerukusest v\u00f5i mastaabist. 1 2 3 4 5 6 7 8 9 10 11 12\" \/>\n<meta property=\"og:url\" content=\"https:\/\/www.barongroup.fi\/et\/our-projects\/\" \/>\n<meta property=\"og:site_name\" content=\"Baron Group\" \/>\n<meta property=\"article:modified_time\" content=\"2024-09-03T10:19:15+00:00\" \/>\n<meta name=\"twitter:card\" content=\"summary_large_image\" \/>\n<script type=\"application\/ld+json\" class=\"yoast-schema-graph\">{\"@context\":\"https:\\\/\\\/schema.org\",\"@graph\":[{\"@type\":\"WebPage\",\"@id\":\"https:\\\/\\\/www.barongroup.fi\\\/et\\\/our-projects\\\/\",\"url\":\"https:\\\/\\\/www.barongroup.fi\\\/et\\\/our-projects\\\/\",\"name\":\"Meie Projektid - Baron Group\",\"isPartOf\":{\"@id\":\"http:\\\/\\\/www.barongroup.fi\\\/#website\"},\"datePublished\":\"2024-07-11T09:57:50+00:00\",\"dateModified\":\"2024-09-03T10:19:15+00:00\",\"breadcrumb\":{\"@id\":\"https:\\\/\\\/www.barongroup.fi\\\/et\\\/our-projects\\\/#breadcrumb\"},\"inLanguage\":\"et\",\"potentialAction\":[{\"@type\":\"ReadAction\",\"target\":[\"https:\\\/\\\/www.barongroup.fi\\\/et\\\/our-projects\\\/\"]}]},{\"@type\":\"BreadcrumbList\",\"@id\":\"https:\\\/\\\/www.barongroup.fi\\\/et\\\/our-projects\\\/#breadcrumb\",\"itemListElement\":[{\"@type\":\"ListItem\",\"position\":1,\"name\":\"Home\",\"item\":\"http:\\\/\\\/www.barongroup.fi\\\/et\\\/\"},{\"@type\":\"ListItem\",\"position\":2,\"name\":\"Meie Projektid\"}]},{\"@type\":\"WebSite\",\"@id\":\"http:\\\/\\\/www.barongroup.fi\\\/#website\",\"url\":\"http:\\\/\\\/www.barongroup.fi\\\/\",\"name\":\"Baron Group\",\"description\":\"\",\"publisher\":{\"@id\":\"http:\\\/\\\/www.barongroup.fi\\\/#organization\"},\"potentialAction\":[{\"@type\":\"SearchAction\",\"target\":{\"@type\":\"EntryPoint\",\"urlTemplate\":\"http:\\\/\\\/www.barongroup.fi\\\/?s={search_term_string}\"},\"query-input\":{\"@type\":\"PropertyValueSpecification\",\"valueRequired\":true,\"valueName\":\"search_term_string\"}}],\"inLanguage\":\"et\"},{\"@type\":\"Organization\",\"@id\":\"http:\\\/\\\/www.barongroup.fi\\\/#organization\",\"name\":\"Baron Group\",\"url\":\"http:\\\/\\\/www.barongroup.fi\\\/\",\"logo\":{\"@type\":\"ImageObject\",\"inLanguage\":\"et\",\"@id\":\"http:\\\/\\\/www.barongroup.fi\\\/#\\\/schema\\\/logo\\\/image\\\/\",\"url\":\"https:\\\/\\\/www.barongroup.fi\\\/wp-content\\\/uploads\\\/2024\\\/07\\\/baron-group-w.svg\",\"contentUrl\":\"https:\\\/\\\/www.barongroup.fi\\\/wp-content\\\/uploads\\\/2024\\\/07\\\/baron-group-w.svg\",\"width\":100,\"height\":100,\"caption\":\"Baron Group\"},\"image\":{\"@id\":\"http:\\\/\\\/www.barongroup.fi\\\/#\\\/schema\\\/logo\\\/image\\\/\"}}]}<\/script>\n<!-- \/ Yoast SEO plugin. -->","yoast_head_json":{"title":"Meie Projektid - Baron Group","robots":{"index":"index","follow":"follow","max-snippet":"max-snippet:-1","max-image-preview":"max-image-preview:large","max-video-preview":"max-video-preview:-1"},"canonical":"https:\/\/www.barongroup.fi\/et\/our-projects\/","og_locale":"et_EE","og_type":"article","og_title":"Meie Projektid - Baron Group","og_description":"Esileht Meie Projektid Meie Projektid Kvaliteet on meie p\u00e4rand Tutvuge meie projektidega, mis n\u00e4itavad meie mitmek\u00fclgsust nii uute ehitiste kui ka restaureerimiste puhul. Iga projekt peegeldab meie p\u00fchendumust kvaliteedile ja t\u00e4helepanu detailidele, olenemata keerukusest v\u00f5i mastaabist. 1 2 3 4 5 6 7 8 9 10 11 12","og_url":"https:\/\/www.barongroup.fi\/et\/our-projects\/","og_site_name":"Baron Group","article_modified_time":"2024-09-03T10:19:15+00:00","twitter_card":"summary_large_image","schema":{"@context":"https:\/\/schema.org","@graph":[{"@type":"WebPage","@id":"https:\/\/www.barongroup.fi\/et\/our-projects\/","url":"https:\/\/www.barongroup.fi\/et\/our-projects\/","name":"Meie Projektid - Baron Group","isPartOf":{"@id":"http:\/\/www.barongroup.fi\/#website"},"datePublished":"2024-07-11T09:57:50+00:00","dateModified":"2024-09-03T10:19:15+00:00","breadcrumb":{"@id":"https:\/\/www.barongroup.fi\/et\/our-projects\/#breadcrumb"},"inLanguage":"et","potentialAction":[{"@type":"ReadAction","target":["https:\/\/www.barongroup.fi\/et\/our-projects\/"]}]},{"@type":"BreadcrumbList","@id":"https:\/\/www.barongroup.fi\/et\/our-projects\/#breadcrumb","itemListElement":[{"@type":"ListItem","position":1,"name":"Home","item":"http:\/\/www.barongroup.fi\/et\/"},{"@type":"ListItem","position":2,"name":"Meie Projektid"}]},{"@type":"WebSite","@id":"http:\/\/www.barongroup.fi\/#website","url":"http:\/\/www.barongroup.fi\/","name":"Baron Group","description":"","publisher":{"@id":"http:\/\/www.barongroup.fi\/#organization"},"potentialAction":[{"@type":"SearchAction","target":{"@type":"EntryPoint","urlTemplate":"http:\/\/www.barongroup.fi\/?s={search_term_string}"},"query-input":{"@type":"PropertyValueSpecification","valueRequired":true,"valueName":"search_term_string"}}],"inLanguage":"et"},{"@type":"Organization","@id":"http:\/\/www.barongroup.fi\/#organization","name":"Baron Group","url":"http:\/\/www.barongroup.fi\/","logo":{"@type":"ImageObject","inLanguage":"et","@id":"http:\/\/www.barongroup.fi\/#\/schema\/logo\/image\/","url":"https:\/\/www.barongroup.fi\/wp-content\/uploads\/2024\/07\/baron-group-w.svg","contentUrl":"https:\/\/www.barongroup.fi\/wp-content\/uploads\/2024\/07\/baron-group-w.svg","width":100,"height":100,"caption":"Baron Group"},"image":{"@id":"http:\/\/www.barongroup.fi\/#\/schema\/logo\/image\/"}}]}},"_links":{"self":[{"href":"https:\/\/www.barongroup.fi\/et\/wp-json\/wp\/v2\/pages\/2112","targetHints":{"allow":["GET"]}}],"collection":[{"href":"https:\/\/www.barongroup.fi\/et\/wp-json\/wp\/v2\/pages"}],"about":[{"href":"https:\/\/www.barongroup.fi\/et\/wp-json\/wp\/v2\/types\/page"}],"author":[{"embeddable":true,"href":"https:\/\/www.barongroup.fi\/et\/wp-json\/wp\/v2\/users\/1"}],"replies":[{"embeddable":true,"href":"https:\/\/www.barongroup.fi\/et\/wp-json\/wp\/v2\/comments?post=2112"}],"version-history":[{"count":52,"href":"https:\/\/www.barongroup.fi\/et\/wp-json\/wp\/v2\/pages\/2112\/revisions"}],"predecessor-version":[{"id":6345,"href":"https:\/\/www.barongroup.fi\/et\/wp-json\/wp\/v2\/pages\/2112\/revisions\/6345"}],"wp:attachment":[{"href":"https:\/\/www.barongroup.fi\/et\/wp-json\/wp\/v2\/media?parent=2112"}],"curies":[{"name":"wp","href":"https:\/\/api.w.org\/{rel}","templated":true}]}}